{"id":1981,"date":"2025-08-25T16:35:43","date_gmt":"2025-08-25T19:35:43","guid":{"rendered":"https:\/\/joiadecoracoes.com.br\/?page_id=1981"},"modified":"2025-08-25T16:42:21","modified_gmt":"2025-08-25T19:42:21","slug":"politica-privacidade","status":"publish","type":"page","link":"https:\/\/joiadecoracoes.com.br\/index.php\/politica-privacidade\/","title":{"rendered":"Pol\u00edtica de Privacidade"},"content":{"rendered":"\t\t<div data-elementor-type=\"wp-page\" data-elementor-id=\"1981\" class=\"elementor elementor-1981\">\n\t\t\t\t\t\t\t\t\t<section class=\"elementor-section elementor-top-section elementor-element elementor-element-88d33b7 elementor-section-boxed elementor-section-height-default elementor-section-height-default\" data-id=\"88d33b7\" data-element_type=\"section\" data-settings=\"{&quot;background_background&quot;:&quot;classic&quot;,&quot;animation_mobile&quot;:&quot;fadeIn&quot;,&quot;animation&quot;:&quot;none&quot;}\">\n\t\t\t\t\t\t\t<div class=\"elementor-background-overlay\"><\/div>\n\t\t\t\t\t\t\t<div class=\"elementor-container elementor-column-gap-default\">\n\t\t\t\t\t<div class=\"elementor-column elementor-col-100 elementor-top-column elementor-element elementor-element-aa785dd\" data-id=\"aa785dd\" data-element_type=\"column\">\n\t\t\t<div class=\"elementor-widget-wrap elementor-element-populated\">\n\t\t\t\t\t\t\t\t<div class=\"elementor-element elementor-element-1e4d3a7 elementor-widget-divider--view-line elementor-invisible elementor-widget elementor-widget-divider\" data-id=\"1e4d3a7\" data-element_type=\"widget\" data-settings=\"{&quot;_animation&quot;:&quot;fadeInLeft&quot;}\" data-widget_type=\"divider.default\">\n\t\t\t\t<div class=\"elementor-widget-container\">\n\t\t\t<style>\/*! elementor - v3.11.5 - 14-03-2023 *\/\n.elementor-widget-divider{--divider-border-style:none;--divider-border-width:1px;--divider-color:#2c2c2c;--divider-icon-size:20px;--divider-element-spacing:10px;--divider-pattern-height:24px;--divider-pattern-size:20px;--divider-pattern-url:none;--divider-pattern-repeat:repeat-x}.elementor-widget-divider .elementor-divider{display:flex}.elementor-widget-divider .elementor-divider__text{font-size:15px;line-height:1;max-width:95%}.elementor-widget-divider .elementor-divider__element{margin:0 var(--divider-element-spacing);flex-shrink:0}.elementor-widget-divider .elementor-icon{font-size:var(--divider-icon-size)}.elementor-widget-divider .elementor-divider-separator{display:flex;margin:0;direction:ltr}.elementor-widget-divider--view-line_icon .elementor-divider-separator,.elementor-widget-divider--view-line_text .elementor-divider-separator{align-items:center}.elementor-widget-divider--view-line_icon .elementor-divider-separator:after,.elementor-widget-divider--view-line_icon .elementor-divider-separator:before,.elementor-widget-divider--view-line_text .elementor-divider-separator:after,.elementor-widget-divider--view-line_text .elementor-divider-separator:before{display:block;content:\"\";border-bottom:0;flex-grow:1;border-top:var(--divider-border-width) var(--divider-border-style) var(--divider-color)}.elementor-widget-divider--element-align-left .elementor-divider .elementor-divider-separator>.elementor-divider__svg:first-of-type{flex-grow:0;flex-shrink:100}.elementor-widget-divider--element-align-left .elementor-divider-separator:before{content:none}.elementor-widget-divider--element-align-left .elementor-divider__element{margin-left:0}.elementor-widget-divider--element-align-right .elementor-divider .elementor-divider-separator>.elementor-divider__svg:last-of-type{flex-grow:0;flex-shrink:100}.elementor-widget-divider--element-align-right .elementor-divider-separator:after{content:none}.elementor-widget-divider--element-align-right .elementor-divider__element{margin-right:0}.elementor-widget-divider:not(.elementor-widget-divider--view-line_text):not(.elementor-widget-divider--view-line_icon) .elementor-divider-separator{border-top:var(--divider-border-width) var(--divider-border-style) var(--divider-color)}.elementor-widget-divider--separator-type-pattern{--divider-border-style:none}.elementor-widget-divider--separator-type-pattern.elementor-widget-divider--view-line .elementor-divider-separator,.elementor-widget-divider--separator-type-pattern:not(.elementor-widget-divider--view-line) .elementor-divider-separator:after,.elementor-widget-divider--separator-type-pattern:not(.elementor-widget-divider--view-line) .elementor-divider-separator:before,.elementor-widget-divider--separator-type-pattern:not([class*=elementor-widget-divider--view]) .elementor-divider-separator{width:100%;min-height:var(--divider-pattern-height);-webkit-mask-size:var(--divider-pattern-size) 100%;mask-size:var(--divider-pattern-size) 100%;-webkit-mask-repeat:var(--divider-pattern-repeat);mask-repeat:var(--divider-pattern-repeat);background-color:var(--divider-color);-webkit-mask-image:var(--divider-pattern-url);mask-image:var(--divider-pattern-url)}.elementor-widget-divider--no-spacing{--divider-pattern-size:auto}.elementor-widget-divider--bg-round{--divider-pattern-repeat:round}.rtl .elementor-widget-divider .elementor-divider__text{direction:rtl}.e-con-inner>.elementor-widget-divider,.e-con>.elementor-widget-divider{width:var(--container-widget-width,100%);--flex-grow:var(--container-widget-flex-grow)}<\/style>\t\t<div class=\"elementor-divider\">\n\t\t\t<span class=\"elementor-divider-separator\">\n\t\t\t\t\t\t<\/span>\n\t\t<\/div>\n\t\t\t\t<\/div>\n\t\t\t\t<\/div>\n\t\t\t\t<section class=\"elementor-section elementor-inner-section elementor-element elementor-element-a49ed82 elementor-section-boxed elementor-section-height-default elementor-section-height-default\" data-id=\"a49ed82\" data-element_type=\"section\">\n\t\t\t\t\t\t<div class=\"elementor-container elementor-column-gap-default\">\n\t\t\t\t\t<div class=\"elementor-column elementor-col-33 elementor-inner-column elementor-element elementor-element-a118ca3\" data-id=\"a118ca3\" data-element_type=\"column\">\n\t\t\t<div class=\"elementor-widget-wrap elementor-element-populated\">\n\t\t\t\t\t\t\t\t<div class=\"elementor-element elementor-element-3497e66 elementor-nav-menu__text-align-center elementor-absolute elementor-hidden-mobile elementor-nav-menu--toggle elementor-nav-menu--burger elementor-widget elementor-widget-nav-menu\" data-id=\"3497e66\" data-element_type=\"widget\" data-settings=\"{&quot;layout&quot;:&quot;dropdown&quot;,&quot;submenu_icon&quot;:{&quot;value&quot;:&quot;&lt;i class=\\&quot;far fa-edit\\&quot;&gt;&lt;\\\/i&gt;&quot;,&quot;library&quot;:&quot;fa-regular&quot;},&quot;_position&quot;:&quot;absolute&quot;,&quot;toggle&quot;:&quot;burger&quot;}\" data-widget_type=\"nav-menu.default\">\n\t\t\t\t<div class=\"elementor-widget-container\">\n\t\t\t<link rel=\"stylesheet\" href=\"https:\/\/joiadecoracoes.com.br\/wp-content\/plugins\/pro-elements\/assets\/css\/widget-nav-menu.min.css\">\t\t<div class=\"elementor-menu-toggle\" role=\"button\" tabindex=\"0\" aria-label=\"Menu Toggle\" aria-expanded=\"false\">\n\t\t\t<i aria-hidden=\"true\" role=\"presentation\" class=\"elementor-menu-toggle__icon--open eicon-menu-bar\"><\/i><i aria-hidden=\"true\" role=\"presentation\" class=\"elementor-menu-toggle__icon--close eicon-close\"><\/i>\t\t\t<span class=\"elementor-screen-only\">Menu<\/span>\n\t\t<\/div>\n\t\t\t\t\t<nav class=\"elementor-nav-menu--dropdown elementor-nav-menu__container\" aria-hidden=\"true\">\n\t\t\t\t<ul id=\"menu-2-3497e66\" class=\"elementor-nav-menu\"><li class=\"menu-item menu-item-type-post_type menu-item-object-page menu-item-home menu-item-600\"><a href=\"https:\/\/joiadecoracoes.com.br\/\" class=\"elementor-item\" tabindex=\"-1\">Home<\/a><\/li>\n<li class=\"menu-item menu-item-type-post_type menu-item-object-page menu-item-593\"><a href=\"https:\/\/joiadecoracoes.com.br\/index.php\/cortina-para-sala-3\/\" class=\"elementor-item\" tabindex=\"-1\">Cortina para Sala<\/a><\/li>\n<li class=\"menu-item menu-item-type-post_type menu-item-object-page menu-item-592\"><a href=\"https:\/\/joiadecoracoes.com.br\/index.php\/cortina-para-quarto-3\/\" class=\"elementor-item\" tabindex=\"-1\">Cortina para Quarto<\/a><\/li>\n<li class=\"menu-item menu-item-type-post_type menu-item-object-page menu-item-1845\"><a href=\"https:\/\/joiadecoracoes.com.br\/index.php\/cortina-para-cozinha\/\" class=\"elementor-item\" tabindex=\"-1\">Cortina para Cozinha<\/a><\/li>\n<li class=\"menu-item menu-item-type-post_type menu-item-object-page menu-item-594\"><a href=\"https:\/\/joiadecoracoes.com.br\/index.php\/persiana-para-quarto\/\" class=\"elementor-item\" tabindex=\"-1\">Persiana para Quarto<\/a><\/li>\n<li class=\"menu-item menu-item-type-post_type menu-item-object-page menu-item-591\"><a href=\"https:\/\/joiadecoracoes.com.br\/index.php\/persiana-area-externa\/\" class=\"elementor-item\" tabindex=\"-1\">Persiana \u00c1rea Externa<\/a><\/li>\n<li class=\"menu-item menu-item-type-post_type menu-item-object-page menu-item-590\"><a href=\"https:\/\/joiadecoracoes.com.br\/index.php\/persiana-para-cozinha\/\" class=\"elementor-item\" tabindex=\"-1\">Persiana para Cozinha<\/a><\/li>\n<li class=\"menu-item menu-item-type-post_type menu-item-object-page menu-item-589\"><a href=\"https:\/\/joiadecoracoes.com.br\/index.php\/persiana-para-escritorio\/\" class=\"elementor-item\" tabindex=\"-1\">Persiana para Escrit\u00f3rio<\/a><\/li>\n<li class=\"menu-item menu-item-type-post_type menu-item-object-page menu-item-1992\"><a href=\"https:\/\/joiadecoracoes.com.br\/index.php\/politica-privacidade\/\" class=\"elementor-item\" tabindex=\"-1\">Pol\u00edtica de Privacidade<\/a><\/li>\n<\/ul>\t\t\t<\/nav>\n\t\t\t\t<\/div>\n\t\t\t\t<\/div>\n\t\t\t\t\t<\/div>\n\t\t<\/div>\n\t\t\t\t<div class=\"elementor-column elementor-col-33 elementor-inner-column elementor-element elementor-element-80663e2\" data-id=\"80663e2\" data-element_type=\"column\">\n\t\t\t<div class=\"elementor-widget-wrap elementor-element-populated\">\n\t\t\t\t\t\t\t\t<div class=\"elementor-element elementor-element-6e4defb elementor-widget elementor-widget-image\" data-id=\"6e4defb\" data-element_type=\"widget\" data-widget_type=\"image.default\">\n\t\t\t\t<div class=\"elementor-widget-container\">\n\t\t\t<style>\/*! elementor - v3.11.5 - 14-03-2023 *\/\n.elementor-widget-image{text-align:center}.elementor-widget-image a{display:inline-block}.elementor-widget-image a img[src$=\".svg\"]{width:48px}.elementor-widget-image img{vertical-align:middle;display:inline-block}<\/style>\t\t\t\t\t\t\t\t\t\t\t\t<img decoding=\"async\" width=\"300\" height=\"180\" src=\"https:\/\/joiadecoracoes.com.br\/wp-content\/uploads\/2023\/03\/customcolor_logo_transparent_background-300x180.png\" class=\"attachment-medium size-medium wp-image-85\" alt=\"\" loading=\"lazy\" srcset=\"https:\/\/joiadecoracoes.com.br\/wp-content\/uploads\/2023\/03\/customcolor_logo_transparent_background-300x180.png 300w, https:\/\/joiadecoracoes.com.br\/wp-content\/uploads\/2023\/03\/customcolor_logo_transparent_background-1024x614.png 1024w, https:\/\/joiadecoracoes.com.br\/wp-content\/uploads\/2023\/03\/customcolor_logo_transparent_background-768x461.png 768w, https:\/\/joiadecoracoes.com.br\/wp-content\/uploads\/2023\/03\/customcolor_logo_transparent_background-1536x922.png 1536w, https:\/\/joiadecoracoes.com.br\/wp-content\/uploads\/2023\/03\/customcolor_logo_transparent_background-2048x1229.png 2048w\" sizes=\"(max-width: 300px) 100vw, 300px\" \/>\t\t\t\t\t\t\t\t\t\t\t\t\t\t\t<\/div>\n\t\t\t\t<\/div>\n\t\t\t\t\t<\/div>\n\t\t<\/div>\n\t\t\t\t<div class=\"elementor-column elementor-col-33 elementor-inner-column elementor-element elementor-element-c8120a4\" data-id=\"c8120a4\" data-element_type=\"column\">\n\t\t\t<div class=\"elementor-widget-wrap elementor-element-populated\">\n\t\t\t\t\t\t\t\t<div class=\"elementor-element elementor-element-5618cfe elementor-widget elementor-widget-heading\" data-id=\"5618cfe\" data-element_type=\"widget\" data-settings=\"{&quot;_animation_mobile&quot;:&quot;fadeInUp&quot;}\" data-widget_type=\"heading.default\">\n\t\t\t\t<div class=\"elementor-widget-container\">\n\t\t\t<style>\/*! elementor - v3.11.5 - 14-03-2023 *\/\n.elementor-heading-title{padding:0;margin:0;line-height:1}.elementor-widget-heading .elementor-heading-title[class*=elementor-size-]>a{color:inherit;font-size:inherit;line-height:inherit}.elementor-widget-heading .elementor-heading-title.elementor-size-small{font-size:15px}.elementor-widget-heading .elementor-heading-title.elementor-size-medium{font-size:19px}.elementor-widget-heading .elementor-heading-title.elementor-size-large{font-size:29px}.elementor-widget-heading .elementor-heading-title.elementor-size-xl{font-size:39px}.elementor-widget-heading .elementor-heading-title.elementor-size-xxl{font-size:59px}<\/style><h1 class=\"elementor-heading-title elementor-size-default\">Cortinas e Persianas<\/h1>\t\t<\/div>\n\t\t\t\t<\/div>\n\t\t\t\t\t<\/div>\n\t\t<\/div>\n\t\t\t\t\t\t\t<\/div>\n\t\t<\/section>\n\t\t\t\t\t<\/div>\n\t\t<\/div>\n\t\t\t\t\t\t\t<\/div>\n\t\t<\/section>\n\t\t\t\t<section class=\"elementor-section elementor-top-section elementor-element elementor-element-ec820de elementor-section-boxed elementor-section-height-default elementor-section-height-default elementor-invisible\" data-id=\"ec820de\" data-element_type=\"section\" data-settings=\"{&quot;background_background&quot;:&quot;gradient&quot;,&quot;animation_mobile&quot;:&quot;fadeIn&quot;,&quot;animation&quot;:&quot;fadeIn&quot;}\">\n\t\t\t\t\t\t\t<div class=\"elementor-background-overlay\"><\/div>\n\t\t\t\t\t\t\t<div class=\"elementor-container elementor-column-gap-default\">\n\t\t\t\t\t<div class=\"elementor-column elementor-col-100 elementor-top-column elementor-element elementor-element-3bca413\" data-id=\"3bca413\" data-element_type=\"column\">\n\t\t\t<div class=\"elementor-widget-wrap elementor-element-populated\">\n\t\t\t\t\t\t\t\t<div class=\"elementor-element elementor-element-de47ac1 elementor-widget elementor-widget-heading\" data-id=\"de47ac1\" data-element_type=\"widget\" data-widget_type=\"heading.default\">\n\t\t\t\t<div class=\"elementor-widget-container\">\n\t\t\t<h2 class=\"elementor-heading-title elementor-size-default\">Pol\u00edtica de Privacidade<\/h2>\t\t<\/div>\n\t\t\t\t<\/div>\n\t\t\t\t<div class=\"elementor-element elementor-element-7ff00cc elementor-invisible elementor-widget elementor-widget-text-editor\" data-id=\"7ff00cc\" data-element_type=\"widget\" data-settings=\"{&quot;_animation&quot;:&quot;fadeInUp&quot;}\" data-widget_type=\"text-editor.default\">\n\t\t\t\t<div class=\"elementor-widget-container\">\n\t\t\t<style>\/*! elementor - v3.11.5 - 14-03-2023 *\/\n.elementor-widget-text-editor.elementor-drop-cap-view-stacked .elementor-drop-cap{background-color:#818a91;color:#fff}.elementor-widget-text-editor.elementor-drop-cap-view-framed .elementor-drop-cap{color:#818a91;border:3px solid;background-color:transparent}.elementor-widget-text-editor:not(.elementor-drop-cap-view-default) .elementor-drop-cap{margin-top:8px}.elementor-widget-text-editor:not(.elementor-drop-cap-view-default) .elementor-drop-cap-letter{width:1em;height:1em}.elementor-widget-text-editor .elementor-drop-cap{float:left;text-align:center;line-height:1;font-size:50px}.elementor-widget-text-editor .elementor-drop-cap-letter{display:inline-block}<\/style>\t\t\t\t<p data-start=\"148\" data-end=\"335\"><strong data-start=\"148\" data-end=\"174\">1. Sobre esta pol\u00edtica<\/strong><\/p><p data-start=\"148\" data-end=\"335\">A Joia Decora\u00e7\u00f5es se preocupa com a sua privacidade. Aqui explicamos, de forma clara, como usamos e protegemos suas informa\u00e7\u00f5es quando voc\u00ea acessa nosso site.<\/p><p data-start=\"148\" data-end=\"335\">\u00a0<\/p><p data-start=\"337\" data-end=\"395\"><strong data-start=\"337\" data-end=\"365\">2. Quais dados coletamos ?<\/strong><\/p><p data-start=\"337\" data-end=\"395\">Podemos pedir ou receber:<\/p><ul><li>Nome, e-mail, telefone e endere\u00e7o para entrega.<\/li><li data-start=\"448\" data-end=\"528\"><p data-start=\"450\" data-end=\"528\">Informa\u00e7\u00f5es de navega\u00e7\u00e3o (como IP, tipo de dispositivo e p\u00e1ginas visitadas).<\/p><\/li><li data-start=\"529\" data-end=\"596\"><p data-start=\"531\" data-end=\"596\">Dados que voc\u00ea envia ao preencher formul\u00e1rios ou fazer pedidos.<\/p><\/li><\/ul><p data-start=\"598\" data-end=\"633\">\u00a0<\/p><p data-start=\"598\" data-end=\"633\"><strong data-start=\"598\" data-end=\"631\">3. Onde utilizamos seus dados ?<\/strong><\/p><ul data-start=\"634\" data-end=\"830\"><li data-start=\"634\" data-end=\"667\"><p data-start=\"636\" data-end=\"667\">Processar compras e entregas.<\/p><\/li><li data-start=\"668\" data-end=\"728\"><p data-start=\"670\" data-end=\"728\">Entrar em contato sobre pedidos, promo\u00e7\u00f5es ou novidades.<\/p><\/li><li data-start=\"729\" data-end=\"769\"><p data-start=\"731\" data-end=\"769\">Melhorar o site e a sua experi\u00eancia.<\/p><\/li><li data-start=\"770\" data-end=\"830\"><p data-start=\"772\" data-end=\"830\">Cumprir obriga\u00e7\u00f5es legais (como emiss\u00e3o de nota fiscal).<\/p><\/li><\/ul><p data-start=\"832\" data-end=\"864\">\u00a0<\/p><p data-start=\"832\" data-end=\"864\"><strong data-start=\"832\" data-end=\"862\">4. Com quem compartilhamos ?<\/strong><\/p><ul data-start=\"865\" data-end=\"1060\"><li data-start=\"865\" data-end=\"987\"><p data-start=\"867\" data-end=\"987\">Empresas de transporte, meios de pagamento e prestadores de servi\u00e7o, apenas quando necess\u00e1rio para atender seu pedido.<\/p><\/li><li data-start=\"988\" data-end=\"1060\"><p data-start=\"990\" data-end=\"1060\">\u00d3rg\u00e3os p\u00fablicos, se a lei exigir.<br data-start=\"1023\" data-end=\"1026\" \/>Nunca vendemos suas informa\u00e7\u00f5es.<\/p><\/li><\/ul><p data-start=\"1062\" data-end=\"1097\">\u00a0<\/p><p data-start=\"1062\" data-end=\"1097\"><strong data-start=\"1062\" data-end=\"1095\">5. Como protegemos seus dados ?<\/strong><\/p><ul data-start=\"1098\" data-end=\"1225\"><li>Usamos recursos t\u00e9cnicos para evitar acessos n\u00e3o autorizados.<\/li><li data-start=\"1098\" data-end=\"1159\"><p data-start=\"1100\" data-end=\"1159\">Mantemos seus dados somente enquanto houver relacionamento comercial.<\/p><\/li><li data-start=\"1098\" data-end=\"1159\">Trabalhamos apenas com empresas que notoriamente sem comprometem com a seguran\u00e7a de seus usu\u00e1rios.<\/li><\/ul><p data-start=\"1227\" data-end=\"1262\">\u00a0<\/p><p data-start=\"1227\" data-end=\"1262\"><strong data-start=\"1227\" data-end=\"1247\">6. Seus direitos<\/strong><\/p><p data-start=\"1227\" data-end=\"1262\">Voc\u00ea pode:<\/p><ul data-start=\"1263\" data-end=\"1432\"><li data-start=\"1263\" data-end=\"1309\"><p data-start=\"1265\" data-end=\"1309\">Consultar, corrigir ou excluir seus dados.<\/p><\/li><li data-start=\"1310\" data-end=\"1369\"><p data-start=\"1312\" data-end=\"1369\">Pedir que n\u00e3o usemos mais seus dados para comunica\u00e7\u00f5es.<\/p><\/li><li data-start=\"1370\" data-end=\"1432\"><p data-start=\"1372\" data-end=\"1432\">Solicitar mais informa\u00e7\u00f5es sobre o uso e compartilhamento.<\/p><\/li><\/ul><p data-start=\"1434\" data-end=\"1534\">\u00a0<\/p><p data-start=\"1434\" data-end=\"1534\">Para exercer seus direitos, fale com a gente: adm@joiadecoracoes.com.br<\/p><p data-start=\"1536\" data-end=\"1702\">\u00a0<\/p><p data-start=\"1536\" data-end=\"1702\"><strong data-start=\"1536\" data-end=\"1550\">7. Cookies<\/strong><\/p><p data-start=\"1536\" data-end=\"1702\">Usamos cookies para melhorar sua navega\u00e7\u00e3o, analisar visitas e personalizar conte\u00fados. Voc\u00ea pode desativar os cookies no seu navegador se preferir.<\/p><p data-start=\"1836\" data-end=\"1989\">\u00a0<\/p><p data-start=\"1836\" data-end=\"1989\"><strong data-start=\"1836\" data-end=\"1866\">8. Mudan\u00e7as nesta pol\u00edtica<\/strong><\/p><p data-start=\"1836\" data-end=\"1989\">Se esta pol\u00edtica mudar, vamos atualizar a vers\u00e3o aqui no site. Recomendamos que consulte esta p\u00e1gina de vez em quando.<\/p>\t\t\t\t\t\t<\/div>\n\t\t\t\t<\/div>\n\t\t\t\t<div class=\"elementor-element elementor-element-744c01e elementor-widget elementor-widget-spacer\" data-id=\"744c01e\" data-element_type=\"widget\" data-widget_type=\"spacer.default\">\n\t\t\t\t<div class=\"elementor-widget-container\">\n\t\t\t<style>\/*! elementor - v3.11.5 - 14-03-2023 *\/\n.elementor-column .elementor-spacer-inner{height:var(--spacer-size)}.e-con{--container-widget-width:100%}.e-con-inner>.elementor-widget-spacer,.e-con>.elementor-widget-spacer{width:var(--container-widget-width,var(--spacer-size));--align-self:var(--container-widget-align-self,initial);--flex-shrink:0}.e-con-inner>.elementor-widget-spacer>.elementor-widget-container,.e-con-inner>.elementor-widget-spacer>.elementor-widget-container>.elementor-spacer,.e-con>.elementor-widget-spacer>.elementor-widget-container,.e-con>.elementor-widget-spacer>.elementor-widget-container>.elementor-spacer{height:100%}.e-con-inner>.elementor-widget-spacer>.elementor-widget-container>.elementor-spacer>.elementor-spacer-inner,.e-con>.elementor-widget-spacer>.elementor-widget-container>.elementor-spacer>.elementor-spacer-inner{height:var(--container-widget-height,var(--spacer-size))}<\/style>\t\t<div class=\"elementor-spacer\">\n\t\t\t<div class=\"elementor-spacer-inner\"><\/div>\n\t\t<\/div>\n\t\t\t\t<\/div>\n\t\t\t\t<\/div>\n\t\t\t\t\t<\/div>\n\t\t<\/div>\n\t\t\t\t\t\t\t<\/div>\n\t\t<\/section>\n\t\t\t\t<section class=\"elementor-section elementor-top-section elementor-element elementor-element-0e4ce20 elementor-section-boxed elementor-section-height-default elementor-section-height-default\" data-id=\"0e4ce20\" data-element_type=\"section\" data-settings=\"{&quot;background_background&quot;:&quot;gradient&quot;}\">\n\t\t\t\t\t\t<div class=\"elementor-container elementor-column-gap-default\">\n\t\t\t\t\t<div class=\"elementor-column elementor-col-100 elementor-top-column elementor-element elementor-element-9efeb7d\" data-id=\"9efeb7d\" data-element_type=\"column\">\n\t\t\t<div class=\"elementor-widget-wrap elementor-element-populated\">\n\t\t\t\t\t\t\t\t<div class=\"elementor-element elementor-element-d3cd2a8 elementor-invisible elementor-widget elementor-widget-heading\" data-id=\"d3cd2a8\" data-element_type=\"widget\" data-settings=\"{&quot;_animation&quot;:&quot;fadeInUp&quot;}\" data-widget_type=\"heading.default\">\n\t\t\t\t<div class=\"elementor-widget-container\">\n\t\t\t<h2 class=\"elementor-heading-title elementor-size-default\">REDES SOCIAIS<\/h2>\t\t<\/div>\n\t\t\t\t<\/div>\n\t\t\t\t<div class=\"elementor-element elementor-element-d3e28f3 elementor-widget-divider--view-line elementor-invisible elementor-widget elementor-widget-divider\" data-id=\"d3e28f3\" data-element_type=\"widget\" data-settings=\"{&quot;_animation&quot;:&quot;fadeInLeft&quot;}\" data-widget_type=\"divider.default\">\n\t\t\t\t<div class=\"elementor-widget-container\">\n\t\t\t\t\t<div class=\"elementor-divider\">\n\t\t\t<span class=\"elementor-divider-separator\">\n\t\t\t\t\t\t<\/span>\n\t\t<\/div>\n\t\t\t\t<\/div>\n\t\t\t\t<\/div>\n\t\t\t\t<div class=\"elementor-element elementor-element-c4dbd18 elementor-invisible elementor-widget elementor-widget-text-editor\" data-id=\"c4dbd18\" data-element_type=\"widget\" data-settings=\"{&quot;_animation&quot;:&quot;fadeInUp&quot;}\" data-widget_type=\"text-editor.default\">\n\t\t\t\t<div class=\"elementor-widget-container\">\n\t\t\t\t\t\t\t<p>ACOMPANHE NOSSO TRABALHO NO INSTAGRAM<\/p>\t\t\t\t\t\t<\/div>\n\t\t\t\t<\/div>\n\t\t\t\t<div class=\"elementor-element elementor-element-d211a98 elementor-mobile-align-center elementor-align-center elementor-invisible elementor-widget elementor-widget-button\" data-id=\"d211a98\" data-element_type=\"widget\" data-settings=\"{&quot;_animation_mobile&quot;:&quot;fadeInUp&quot;,&quot;_animation&quot;:&quot;fadeInUp&quot;}\" data-widget_type=\"button.default\">\n\t\t\t\t<div class=\"elementor-widget-container\">\n\t\t\t\t\t<div class=\"elementor-button-wrapper\">\n\t\t\t<a href=\"https:\/\/www.instagram.com\/joia_decoracoes\" class=\"elementor-button-link elementor-button elementor-size-lg\" role=\"button\" id=\"btn_instagram\">\n\t\t\t\t\t\t<span class=\"elementor-button-content-wrapper\">\n\t\t\t\t\t\t<span class=\"elementor-button-text\">INSTAGRAM<\/span>\n\t\t<\/span>\n\t\t\t\t\t<\/a>\n\t\t<\/div>\n\t\t\t\t<\/div>\n\t\t\t\t<\/div>\n\t\t\t\t\t<\/div>\n\t\t<\/div>\n\t\t\t\t\t\t\t<\/div>\n\t\t<\/section>\n\t\t\t\t\t\t\t<\/div>\n\t\t","protected":false},"excerpt":{"rendered":"<p>Cortinas e Persianas Pol\u00edtica de Privacidade 1. Sobre esta pol\u00edtica A Joia Decora\u00e7\u00f5es se preocupa com a sua privacidade. Aqui explicamos, de forma clara, como usamos e protegemos suas informa\u00e7\u00f5es quando voc\u00ea acessa nosso site. \u00a0 2. Quais dados coletamos ? Podemos pedir ou receber: Nome, e-mail, telefone e endere\u00e7o para entrega. Informa\u00e7\u00f5es de navega\u00e7\u00e3o [&hellip;]<\/p>\n","protected":false},"author":1,"featured_media":0,"parent":0,"menu_order":0,"comment_status":"closed","ping_status":"closed","template":"elementor_canvas","meta":{"_monsterinsights_skip_tracking":false,"_monsterinsights_sitenote_active":false,"_monsterinsights_sitenote_note":"","_monsterinsights_sitenote_category":0,"_joinchat":[]},"_links":{"self":[{"href":"https:\/\/joiadecoracoes.com.br\/index.php\/wp-json\/wp\/v2\/pages\/1981"}],"collection":[{"href":"https:\/\/joiadecoracoes.com.br\/index.php\/wp-json\/wp\/v2\/pages"}],"about":[{"href":"https:\/\/joiadecoracoes.com.br\/index.php\/wp-json\/wp\/v2\/types\/page"}],"author":[{"embeddable":true,"href":"https:\/\/joiadecoracoes.com.br\/index.php\/wp-json\/wp\/v2\/users\/1"}],"replies":[{"embeddable":true,"href":"https:\/\/joiadecoracoes.com.br\/index.php\/wp-json\/wp\/v2\/comments?post=1981"}],"version-history":[{"count":8,"href":"https:\/\/joiadecoracoes.com.br\/index.php\/wp-json\/wp\/v2\/pages\/1981\/revisions"}],"predecessor-version":[{"id":1991,"href":"https:\/\/joiadecoracoes.com.br\/index.php\/wp-json\/wp\/v2\/pages\/1981\/revisions\/1991"}],"wp:attachment":[{"href":"https:\/\/joiadecoracoes.com.br\/index.php\/wp-json\/wp\/v2\/media?parent=1981"}],"curies":[{"name":"wp","href":"https:\/\/api.w.org\/{rel}","templated":true}]}}